{"id":9297,"date":"2018-07-14T17:13:42","date_gmt":"2018-07-14T15:13:42","guid":{"rendered":"https:\/\/atalian.com\/cz\/?page_id=9297"},"modified":"2025-06-19T22:03:38","modified_gmt":"2025-06-19T20:03:38","slug":"policy-for-the-protection-of-personal-data","status":"publish","type":"page","link":"https:\/\/atalian.cz\/en\/policy-for-the-protection-of-personal-data\/","title":{"rendered":"Z\u00e1sady ochrany osobn\u00edch \u00fadaj\u016f"},"content":{"rendered":"<section class=\"l-section wpb_row height_small\"><div class=\"l-section-h i-cf\"><div class=\"g-cols vc_row via_grid cols_1 laptops-cols_inherit tablets-cols_inherit mobiles-cols_1 valign_top type_default stacking_default\"><div class=\"wpb_column vc_column_container\"><div class=\"vc_column-inner\"><div class=\"wpb_text_column\"><div class=\"wpb_wrapper\"><h2>GDPR<\/h2>\n<h5>The General Data Protection Regulation (GDPR) is a European regulation which harmonizes the legislation of each of the countries of the European Union regarding the protection of personal data which came into effecton May 25, 2018.<\/h5>\n<h5>The Atalian Servest Group is fully committed to the bringing into compliance of the processing of personal data with the GDPR requirements.<\/h5>\n<h5>The\u00a0Atalian Servest\u00a0Group is determined to build a strong and sustainable relationshipbased on trust and mutual interests with its customers, suppliers and partners.<\/h5>\n<h5>This personal data protection policy (hereafter the\u201d<strong>Policy<\/strong>\u201c) describes the commitmentsimplemented by the companies of the\u00a0Atalian Servest\u00a0Group, acting as processing managers, to guarantee the observance of GDPR.<\/h5>\n<h5>According to the processing implemented, the following parties are responsible for the processing:<\/h5>\n<ul>\n<li>\n<h5>The\u00a0<strong>LA FINANCIERE ATALIAN<\/strong>\u00a0Company<strong>,\u00a0<\/strong>partnership limited by shareswith capital of 116.237.206 euros registered with the Trade and Corporate Registry of Paris under number 490 900 396 with its main office at 12 rue de la Chauss\u00e9e d\u2019Antin, 75009 PARIS, represented by the Finag\u00e9 Company, simplified joint stock company with a capital of 1,000 euros, registered with the Trade and Corporate Registry of Paris, under number 837 758 515, with its main office at 12 rue de la Chauss\u00e9e d\u2019Antin, 75009 PARIS, and represented by Mr. Matthieu de Baynast de Septfontainesas, Chairman ofthe Finag\u00e9 Company, himself the CEO of the Company.<\/h5>\n<\/li>\n<li>\n<h5>or a subsidiary located within theEuropean Union.<\/h5>\n<\/li>\n<\/ul>\n<h5>In general, this Policy mentions the\u00a0Atalian Servest\u00a0Group which designates, depending on the case, the parent companyand\/or the subsidiaries as the processing managers.<\/h5>\n<h5>Through this Policy, the\u00a0Atalian Servest\u00a0Group also wishes to clearly inform the people involved of the way in which their personal data is collected and used.<\/h5>\n<ol>\n<li>\n<h5><a href=\"https:\/\/atalian.com\/policy-for-the-protection-of-personal-data\/#_Toc517504951\">The data processed and the people involved<\/a><\/h5>\n<\/li>\n<li>\n<h5><a href=\"https:\/\/atalian.com\/policy-for-the-protection-of-personal-data\/#_Toc517504952\">Purposes and legal bases of the data processing<\/a><\/h5>\n<\/li>\n<li>\n<h5><a href=\"https:\/\/atalian.com\/policy-for-the-protection-of-personal-data\/#_Toc517504953\">The recipients of the data<\/a><\/h5>\n<\/li>\n<li>\n<h5><a href=\"https:\/\/atalian.com\/policy-for-the-protection-of-personal-data\/#_Toc517504954\">Data conservation period<\/a><\/h5>\n<\/li>\n<li>\n<h5><a href=\"https:\/\/atalian.com\/policy-for-the-protection-of-personal-data\/#_Toc517504955\">Exercising of the rights of the person involved<\/a><\/h5>\n<\/li>\n<li>\n<h5><a href=\"https:\/\/atalian.com\/policy-for-the-protection-of-personal-data\/#_Toc517504956\">Cookies and other trackers<\/a><\/h5>\n<\/li>\n<li>\n<h5><a href=\"https:\/\/atalian.com\/policy-for-the-protection-of-personal-data\/#_Toc517504957\">Contacts<\/a><\/h5>\n<\/li>\n<\/ol>\n<h3><a name=\"_Toc517504951\"><\/a>1.\u00a0\u00a0\u00a0\u00a0\u00a0\u00a0 The data processed and the people involved<\/h3>\n<h5>The services of the Atalian Servest\u00a0Group are intended for professionals andare not essentially intended for the processing of the personal data of its customers or on behalf of its customers.<\/h5>\n<h5>Within the framework of its activities, the\u00a0Atalian Servest\u00a0Group thus simply processes the professional contact information of its contacts which include customers, suppliers, partners, and possibly prospects.<\/h5>\n<h5>Within the framework of its activity, the\u00a0Atalian Servest Group\u00a0takes care to only collect data that is necessary for the purpose for which it is being processed.<\/h5>\n<h3><a name=\"_Toc517504952\"><\/a>2.\u00a0\u00a0\u00a0\u00a0\u00a0\u00a0 Purposes and legal bases of the data processing<\/h3>\n<h5>The processing carried out by the\u00a0Atalian Servest\u00a0Group is for an explicitlegitimate and determined purpose, which is based on the fulfillment of a contract, the respecting of a legal or regulatory obligation, orlegitimate interestsfor commercial prospection.<\/h5>\n<h5><strong><u>Referencing andevaluation of suppliers<\/u><\/strong><\/h5>\n<h5>The\u00a0Atalian Servest\u00a0Group processes in particular the contact information of the contact people of its suppliers within the framework of the contracts which bind them, and also at their term, for the purposes of referencing and evaluation of their services. The\u00a0Atalian Servest\u00a0Group also has a legitimate interest in referencing potential suppliers identified by its teams.<\/h5>\n<h5><strong><u>Management of customers and prospects<\/u><\/strong><\/h5>\n<h5>The\u00a0Atalian Servest\u00a0Group processes the contact information of the contact persons of its customers as part of the fulfillment of the contracts concluded with its customers within the framework of the management of the commercial relationship and the providing of its services, quality control and\u00a0<em>reporting,\u00a0<\/em>the management of invoicing, accounting, and collections, if applicable.<\/h5>\n<h5>The\u00a0Atalian Servest\u00a0Group also has a legitimate interest in processing thecontact information of its customers and prospects in order to send them commercial information and, if applicable, in order to invite them to take part in communications operations and events. This processing involves, depending on the cases, contact data collected directly from the people involved or transmitted by third parties.<\/h5>\n<h5><strong><u>Contact via our website<\/u><\/strong><\/h5>\n<h5>The information and data collected by the\u00a0Atalian Servest\u00a0Group via on-line contact forms on its websites is processed by the company of the\u00a0Atalian Servest\u00a0Group that receives the message to orient the request to the department involved and to provide a response to the person who contacted the\u00a0Atalian Servest\u00a0Group. The\u00a0Atalian Servest\u00a0Group has a legitimate interest in processing this information.<\/h5>\n<h5><strong><u>Unsolicited job applications<\/u><\/strong><\/h5>\n<h5>The information and data collected by the\u00a0Atalian Servest\u00a0Group through unsolicited job application forms on its websites is processed by the company of the\u00a0Atalian Servest\u00a0Group to orient the request to the department involved and to provide a response to the person who sent their application to the\u00a0Atalian Servest\u00a0Group. The\u00a0Atalian Servest\u00a0Group has a legitimate interest in processing this information.<\/h5>\n<h5>When the processing is done for purposes other than those identified in this Policy, the people involved will be distinctly informed of this.<\/h5>\n<h3><a name=\"_Toc517504953\"><\/a>3.\u00a0\u00a0\u00a0\u00a0\u00a0\u00a0 The recipients of the data<\/h3>\n<h5>The Atalian Servest\u00a0Group handles the data that it collects with the greatest care. Only data that is strictly necessary will be given to third parties for processing.<\/h5>\n<h5>The\u00a0Atalian Servest\u00a0Group may thus be obliged to provide certain data to public authorities when they request it, and within the framework of its legal and regulatory obligations. In such cases, only information that is precisely requested will be communicated.<\/h5>\n<h5>The\u00a0Atalian Servest\u00a0Group may also communicate information to itstechnical service providers, partners, insurers,auditorsor legal entities of its group whose intervention is strictly necessary to carry out one of the abovementioned purposes.<\/h5>\n<h5>In its relations with its sub-contractors in the meaning of the GDPR, the\u00a0Atalian Servest\u00a0Group contractually guarantees that these sub-contractors will process the data in a way that ensures its integrity, confidentiality and security.<\/h5>\n<h5>Data will not be transferred to third parties for purposes other than those described above unless there is an express authorization from the person involved, when this is required.<\/h5>\n<h3><a name=\"_Toc517504954\"><\/a>4.\u00a0\u00a0\u00a0\u00a0\u00a0\u00a0 Data conservation period<\/h3>\n<h5>The personal data collected and processed by the<\/h5>\n<h5>Atalian Servest\u00a0Group is kept for a period of time that is strictly necessary for carrying out of the purpose for which it was collected.<\/h5>\n<h5>All of the data collected by the\u00a0Atalian Servest\u00a0Group is deleted after carrying out of its purpose or kept in anonymized form.<\/h5>\n<h5>Some data is archived to respond to complaints and litigation in progress and to respond to the legal and\/or regulatory obligations and\/or to respond to requests from government authorities.<\/h5>\n<h5>The duration of the archiving is limited to the duration of thestatute of limits of the litigation or the legal \/ regulatory periods during which the\u00a0Atalian Servest\u00a0Group could be held responsible for complaints, government requests or future litigation.<\/h5>\n<h3><a name=\"_Toc517504955\"><\/a>5.\u00a0\u00a0\u00a0\u00a0\u00a0\u00a0 Exercising of the rights of the people involved<\/h3>\n<h5>All people involved have rights of opposition, access, rectification, deletion, limitation and portability over their personal data within the conditions and limits provided for by the GDPR.<\/h5>\n<h5>All people can assert these rights by contacting us by email at dataprivacy@atalianworld.com or, according to the cases, the reference person identified with the processing manager if it is for a subsidiary, proving their identity by showing an identity document.<\/h5>\n<h5>All people can also lodge appeals with the control authority in the conditions provided for in the GDPR.<\/h5>\n<h3><a name=\"_Toc517504956\"><\/a>6.\u00a0\u00a0\u00a0\u00a0\u00a0\u00a0 Cookies and other trackers<\/h3>\n<h5>A cookie is a piece of information stored on the computer or hardware of an internet user by the server of the site that he visits. Within a computer, cookies are managed by the web browser.<\/h5>\n<h5>Browsing on the\u00a0Atalian Servest\u00a0Group website may lead to the installation of cookies on the User\u2019s hardware.<\/h5>\n<h5>The purpose of these cookies are to:<\/h5>\n<h5>\u2013\u00a0\u00a0\u00a0\u00a0\u00a0\u00a0\u00a0\u00a0\u00a0\u00a0\u00a0\u00a0\u00a0 Measure the audience of the website;<\/h5>\n<h5>\u2013\u00a0\u00a0\u00a0\u00a0\u00a0\u00a0\u00a0\u00a0\u00a0\u00a0\u00a0\u00a0\u00a0 Improve the functioning of the website;<\/h5>\n<h5>The\u00a0Atalian Servest\u00a0Group uses a service to analyze the visits to its website.<\/h5>\n<h5>Atalian Servest\u00a0Group can read the information stored in such cookies during future visits by the user.<\/h5>\n<h5>The data concerning the cookies of the user is kept for a period of 13 months from the date of its collection.<\/h5>\n<h5>Some cookies are installed by third parties and allow for the collection of information on the Atalian Servest\u00a0Group website.<\/h5>\n<h5>Internet users can block the recording of cookies by configuring their web browsers. If these settings linked to the use of cookies are configured, certain functionalities of the site may no longer work properly, and the\u00a0Atalian Servest\u00a0Group cannot be held liable for this.<\/h5>\n<h5>Users can also configure the cookies on the website by clicking on\u00a0<button class=\"gdpr-preferences\" type=\"button\" data-tab=\"gdpr-consent-management\">Privacy Preferences<\/button>.<\/h5>\n<h3><a name=\"_Toc517504957\"><\/a>7.\u00a0\u00a0\u00a0\u00a0\u00a0\u00a0 Contacts<\/h3>\n<h5>For any processing involving LA FINANCIERE ATALIAN Company, you can contact us by E-mail at:\u00a0<a href=\"mailto:dataprivacy@atalianworld.com\">dataprivacy@atalianworld.com<\/a>\u00a0or by post at the address 12 rue de la Chauss\u00e9e d\u2019Antin \u2013 75009 PARIS \u2013 FRANCE.<\/h5>\n<h5>For processing involving another company of the group, you can contact the reference person identified on the company\u2019s web site.<\/h5>\n<\/div><\/div><\/div><\/div><\/div><\/div><\/section>\n","protected":false},"excerpt":{"rendered":"GDPR The General Data Protection Regulation (GDPR) is a European regulation which harmonizes the legislation of each of the countries of the European Union regarding the protection of personal data which came into effecton May 25, 2018. The Atalian Servest Group is fully committed to the bringing into compliance of the processing of personal data...","protected":false},"author":50,"featured_media":0,"parent":0,"menu_order":0,"comment_status":"closed","ping_status":"closed","template":"","meta":{"footnotes":""},"class_list":["post-9297","page","type-page","status-publish","hentry"],"yoast_head":"<!-- This site is optimized with the Yoast SEO plugin v25.2 - https:\/\/yoast.com\/wordpress\/plugins\/seo\/ -->\n<title>Z\u00e1sady ochrany osobn\u00edch \u00fadaj\u016f | Atalian Czech Republic<\/title>\n<meta name=\"description\" content=\"Get more information on the page named: Z\u00e1sady ochrany osobn\u00edch \u00fadaj\u016f. The Atalian company is a leading player in the Facility management.\" \/>\n<meta name=\"robots\" content=\"index, follow, max-snippet:-1, max-image-preview:large, max-video-preview:-1\" \/>\n<link rel=\"canonical\" href=\"https:\/\/atalian.cz\/ochrana-osobnich-udaju\/\" \/>\n<meta property=\"og:locale\" content=\"en_US\" \/>\n<meta property=\"og:type\" content=\"article\" \/>\n<meta property=\"og:title\" content=\"Z\u00e1sady ochrany osobn\u00edch \u00fadaj\u016f | Atalian Czech Republic\" \/>\n<meta property=\"og:description\" content=\"Get more information on the page named: Z\u00e1sady ochrany osobn\u00edch \u00fadaj\u016f. The Atalian company is a leading player in the Facility management.\" \/>\n<meta property=\"og:url\" content=\"https:\/\/atalian.cz\/ochrana-osobnich-udaju\/\" \/>\n<meta property=\"og:site_name\" content=\"Atalian Czech Republic\" \/>\n<meta property=\"article:publisher\" content=\"https:\/\/www.facebook.com\/AtalianCzech\/\" \/>\n<meta property=\"article:modified_time\" content=\"2025-06-19T20:03:38+00:00\" \/>\n<meta property=\"og:image\" content=\"https:\/\/atalian.cz\/wp-content\/uploads\/sites\/25\/2023\/02\/atalian-banner-social.jpg\" \/>\n\t<meta property=\"og:image:width\" content=\"1200\" \/>\n\t<meta property=\"og:image:height\" content=\"630\" \/>\n\t<meta property=\"og:image:type\" content=\"image\/jpeg\" \/>\n<meta name=\"twitter:card\" content=\"summary_large_image\" \/>\n<meta name=\"twitter:label1\" content=\"Est. reading time\" \/>\n\t<meta name=\"twitter:data1\" content=\"7 minutes\" \/>\n<script type=\"application\/ld+json\" class=\"yoast-schema-graph\">{\"@context\":\"https:\/\/schema.org\",\"@graph\":[{\"@type\":\"WebPage\",\"@id\":\"https:\/\/atalian.cz\/ochrana-osobnich-udaju\/\",\"url\":\"https:\/\/atalian.cz\/ochrana-osobnich-udaju\/\",\"name\":\"Z\u00e1sady ochrany osobn\u00edch \u00fadaj\u016f | Atalian Czech Republic\",\"isPartOf\":{\"@id\":\"https:\/\/atalian.cz\/#website\"},\"datePublished\":\"2018-07-14T15:13:42+00:00\",\"dateModified\":\"2025-06-19T20:03:38+00:00\",\"description\":\"Get more information on the page named: Z\u00e1sady ochrany osobn\u00edch \u00fadaj\u016f. The Atalian company is a leading player in the Facility management.\",\"breadcrumb\":{\"@id\":\"https:\/\/atalian.cz\/ochrana-osobnich-udaju\/#breadcrumb\"},\"inLanguage\":\"en-US\",\"potentialAction\":[{\"@type\":\"ReadAction\",\"target\":[\"https:\/\/atalian.cz\/ochrana-osobnich-udaju\/\"]}]},{\"@type\":\"BreadcrumbList\",\"@id\":\"https:\/\/atalian.cz\/ochrana-osobnich-udaju\/#breadcrumb\",\"itemListElement\":[{\"@type\":\"ListItem\",\"position\":1,\"name\":\"Accueil\",\"item\":\"https:\/\/atalian.cz\/en\/\"},{\"@type\":\"ListItem\",\"position\":2,\"name\":\"Z\u00e1sady ochrany osobn\u00edch \u00fadaj\u016f\"}]},{\"@type\":\"WebSite\",\"@id\":\"https:\/\/atalian.cz\/#website\",\"url\":\"https:\/\/atalian.cz\/\",\"name\":\"Atalian Czech Republic\",\"description\":\"ATALIAN. For a better performance\",\"publisher\":{\"@id\":\"https:\/\/atalian.cz\/#organization\"},\"potentialAction\":[{\"@type\":\"SearchAction\",\"target\":{\"@type\":\"EntryPoint\",\"urlTemplate\":\"https:\/\/atalian.cz\/?s={search_term_string}\"},\"query-input\":{\"@type\":\"PropertyValueSpecification\",\"valueRequired\":true,\"valueName\":\"search_term_string\"}}],\"inLanguage\":\"en-US\"},{\"@type\":\"Organization\",\"@id\":\"https:\/\/atalian.cz\/#organization\",\"name\":\"Atalian \u010cesk\u00e1 republika\",\"url\":\"https:\/\/atalian.cz\/\",\"logo\":{\"@type\":\"ImageObject\",\"inLanguage\":\"en-US\",\"@id\":\"https:\/\/atalian.cz\/#\/schema\/logo\/image\/\",\"url\":\"https:\/\/atalian.cz\/wp-content\/uploads\/sites\/25\/2020\/08\/atalian-logo.png\",\"contentUrl\":\"https:\/\/atalian.cz\/wp-content\/uploads\/sites\/25\/2020\/08\/atalian-logo.png\",\"width\":150,\"height\":73,\"caption\":\"Atalian \u010cesk\u00e1 republika\"},\"image\":{\"@id\":\"https:\/\/atalian.cz\/#\/schema\/logo\/image\/\"},\"sameAs\":[\"https:\/\/www.facebook.com\/AtalianCzech\/\",\"https:\/\/www.instagram.com\/atalian_cz\/\",\"https:\/\/www.youtube.com\/c\/AtalianCz247\"]}]}<\/script>\n<!-- \/ Yoast SEO plugin. -->","yoast_head_json":{"title":"Z\u00e1sady ochrany osobn\u00edch \u00fadaj\u016f | Atalian Czech Republic","description":"Get more information on the page named: Z\u00e1sady ochrany osobn\u00edch \u00fadaj\u016f. The Atalian company is a leading player in the Facility management.","robots":{"index":"index","follow":"follow","max-snippet":"max-snippet:-1","max-image-preview":"max-image-preview:large","max-video-preview":"max-video-preview:-1"},"canonical":"https:\/\/atalian.cz\/ochrana-osobnich-udaju\/","og_locale":"en_US","og_type":"article","og_title":"Z\u00e1sady ochrany osobn\u00edch \u00fadaj\u016f | Atalian Czech Republic","og_description":"Get more information on the page named: Z\u00e1sady ochrany osobn\u00edch \u00fadaj\u016f. The Atalian company is a leading player in the Facility management.","og_url":"https:\/\/atalian.cz\/ochrana-osobnich-udaju\/","og_site_name":"Atalian Czech Republic","article_publisher":"https:\/\/www.facebook.com\/AtalianCzech\/","article_modified_time":"2025-06-19T20:03:38+00:00","og_image":[{"width":1200,"height":630,"url":"https:\/\/atalian.cz\/wp-content\/uploads\/sites\/25\/2023\/02\/atalian-banner-social.jpg","type":"image\/jpeg"}],"twitter_card":"summary_large_image","twitter_misc":{"Est. reading time":"7 minutes"},"schema":{"@context":"https:\/\/schema.org","@graph":[{"@type":"WebPage","@id":"https:\/\/atalian.cz\/ochrana-osobnich-udaju\/","url":"https:\/\/atalian.cz\/ochrana-osobnich-udaju\/","name":"Z\u00e1sady ochrany osobn\u00edch \u00fadaj\u016f | Atalian Czech Republic","isPartOf":{"@id":"https:\/\/atalian.cz\/#website"},"datePublished":"2018-07-14T15:13:42+00:00","dateModified":"2025-06-19T20:03:38+00:00","description":"Get more information on the page named: Z\u00e1sady ochrany osobn\u00edch \u00fadaj\u016f. The Atalian company is a leading player in the Facility management.","breadcrumb":{"@id":"https:\/\/atalian.cz\/ochrana-osobnich-udaju\/#breadcrumb"},"inLanguage":"en-US","potentialAction":[{"@type":"ReadAction","target":["https:\/\/atalian.cz\/ochrana-osobnich-udaju\/"]}]},{"@type":"BreadcrumbList","@id":"https:\/\/atalian.cz\/ochrana-osobnich-udaju\/#breadcrumb","itemListElement":[{"@type":"ListItem","position":1,"name":"Accueil","item":"https:\/\/atalian.cz\/en\/"},{"@type":"ListItem","position":2,"name":"Z\u00e1sady ochrany osobn\u00edch \u00fadaj\u016f"}]},{"@type":"WebSite","@id":"https:\/\/atalian.cz\/#website","url":"https:\/\/atalian.cz\/","name":"Atalian Czech Republic","description":"ATALIAN. For a better performance","publisher":{"@id":"https:\/\/atalian.cz\/#organization"},"potentialAction":[{"@type":"SearchAction","target":{"@type":"EntryPoint","urlTemplate":"https:\/\/atalian.cz\/?s={search_term_string}"},"query-input":{"@type":"PropertyValueSpecification","valueRequired":true,"valueName":"search_term_string"}}],"inLanguage":"en-US"},{"@type":"Organization","@id":"https:\/\/atalian.cz\/#organization","name":"Atalian \u010cesk\u00e1 republika","url":"https:\/\/atalian.cz\/","logo":{"@type":"ImageObject","inLanguage":"en-US","@id":"https:\/\/atalian.cz\/#\/schema\/logo\/image\/","url":"https:\/\/atalian.cz\/wp-content\/uploads\/sites\/25\/2020\/08\/atalian-logo.png","contentUrl":"https:\/\/atalian.cz\/wp-content\/uploads\/sites\/25\/2020\/08\/atalian-logo.png","width":150,"height":73,"caption":"Atalian \u010cesk\u00e1 republika"},"image":{"@id":"https:\/\/atalian.cz\/#\/schema\/logo\/image\/"},"sameAs":["https:\/\/www.facebook.com\/AtalianCzech\/","https:\/\/www.instagram.com\/atalian_cz\/","https:\/\/www.youtube.com\/c\/AtalianCz247"]}]}},"_links":{"self":[{"href":"https:\/\/atalian.cz\/en\/wp-json\/wp\/v2\/pages\/9297","targetHints":{"allow":["GET"]}}],"collection":[{"href":"https:\/\/atalian.cz\/en\/wp-json\/wp\/v2\/pages"}],"about":[{"href":"https:\/\/atalian.cz\/en\/wp-json\/wp\/v2\/types\/page"}],"author":[{"embeddable":true,"href":"https:\/\/atalian.cz\/en\/wp-json\/wp\/v2\/users\/50"}],"replies":[{"embeddable":true,"href":"https:\/\/atalian.cz\/en\/wp-json\/wp\/v2\/comments?post=9297"}],"version-history":[{"count":3,"href":"https:\/\/atalian.cz\/en\/wp-json\/wp\/v2\/pages\/9297\/revisions"}],"predecessor-version":[{"id":15978,"href":"https:\/\/atalian.cz\/en\/wp-json\/wp\/v2\/pages\/9297\/revisions\/15978"}],"wp:attachment":[{"href":"https:\/\/atalian.cz\/en\/wp-json\/wp\/v2\/media?parent=9297"}],"curies":[{"name":"wp","href":"https:\/\/api.w.org\/{rel}","templated":true}]}}