{"id":10235,"date":"2020-03-12T17:07:25","date_gmt":"2020-03-12T16:07:25","guid":{"rendered":"https:\/\/atalian.com\/cz\/?page_id=10235"},"modified":"2025-06-03T04:49:51","modified_gmt":"2025-06-03T02:49:51","slug":"news","status":"publish","type":"page","link":"https:\/\/atalian.cz\/en\/news\/","title":{"rendered":"News"},"content":{"rendered":"<section class=\"l-section wpb_row height_small\"><div class=\"l-section-h i-cf\"><div class=\"g-cols vc_row via_grid cols_1 laptops-cols_inherit tablets-cols_inherit mobiles-cols_1 valign_top type_default stacking_default\"><div class=\"wpb_column vc_column_container\"><div class=\"vc_column-inner\"><div class=\"w-grid type_grid layout_14885 cols_1 pagination_ajax\" id=\"us_grid_1\" style=\"--columns:1;--gap:5rem;\" data-filterable=\"true\"><style>.layout_14885 .w-grid-item-h{}.layout_14885 .usg_post_image_1{margin-bottom:0.5rem!important}.layout_14885 .usg_post_title_1{font-size:1rem!important}<\/style><div class=\"w-grid-list\">\t<article class=\"w-grid-item size_1x1 post-11310 post type-post status-publish format-standard has-post-thumbnail hentry category-news category-novinky-en\" data-id=\"11310\">\r\n\t\t<div class=\"w-grid-item-h\">\r\n\t\t\t\t\t\t<div class=\"w-post-elm post_image usg_post_image_1 stretched\"><a href=\"https:\/\/atalian.cz\/en\/we-support-pediatric-oncology-and-the-series-plesouni\/\" aria-label=\"We support pediatric oncology and the series Ple\u0161ouni!\"><img loading=\"lazy\" decoding=\"async\" width=\"2048\" height=\"1308\" src=\"https:\/\/atalian.cz\/wp-content\/uploads\/sites\/25\/2020\/12\/IMG_0145.jpg\" class=\"attachment-us_350_350_crop size-us_350_350_crop wp-post-image\" alt=\"ATALIAN a Ple\u0161ouni p\u0159ed\u00e1n\u00ed\" srcset=\"https:\/\/atalian.cz\/wp-content\/uploads\/sites\/25\/2020\/12\/IMG_0145.jpg 2048w, https:\/\/atalian.cz\/wp-content\/uploads\/sites\/25\/2020\/12\/IMG_0145-300x192.jpg 300w, https:\/\/atalian.cz\/wp-content\/uploads\/sites\/25\/2020\/12\/IMG_0145-1024x654.jpg 1024w\" sizes=\"auto, (max-width: 2048px) 100vw, 2048px\" \/><\/a><\/div><h2 class=\"w-post-elm post_title usg_post_title_1 entry-title color_link_inherit\"><a href=\"https:\/\/atalian.cz\/en\/we-support-pediatric-oncology-and-the-series-plesouni\/\">We support pediatric oncology and the series Ple\u0161ouni!<\/a><\/h2>\t\t<\/div>\r\n\t\t\t<\/article>\r\n\t<article class=\"w-grid-item size_1x1 post-11059 post type-post status-publish format-standard has-post-thumbnail hentry category-news category-novinky-en\" data-id=\"11059\">\r\n\t\t<div class=\"w-grid-item-h\">\r\n\t\t\t\t\t\t<div class=\"w-post-elm post_image usg_post_image_1 stretched\"><a href=\"https:\/\/atalian.cz\/en\/musime-si-pomahat\/\" aria-label=\"Let\u2019s help each other!\"><img loading=\"lazy\" decoding=\"async\" width=\"1200\" height=\"800\" src=\"https:\/\/atalian.cz\/wp-content\/uploads\/sites\/25\/2020\/10\/Slider-size-website.png\" class=\"attachment-us_350_350_crop size-us_350_350_crop wp-post-image\" alt=\"\" srcset=\"https:\/\/atalian.cz\/wp-content\/uploads\/sites\/25\/2020\/10\/Slider-size-website.png 1200w, https:\/\/atalian.cz\/wp-content\/uploads\/sites\/25\/2020\/10\/Slider-size-website-300x200.png 300w, https:\/\/atalian.cz\/wp-content\/uploads\/sites\/25\/2020\/10\/Slider-size-website-1024x683.png 1024w, https:\/\/atalian.cz\/wp-content\/uploads\/sites\/25\/2020\/10\/Slider-size-website-600x400.png 600w\" sizes=\"auto, (max-width: 1200px) 100vw, 1200px\" \/><\/a><\/div><h2 class=\"w-post-elm post_title usg_post_title_1 entry-title color_link_inherit\"><a href=\"https:\/\/atalian.cz\/en\/musime-si-pomahat\/\">Let\u2019s help each other!<\/a><\/h2>\t\t<\/div>\r\n\t\t\t<\/article>\r\n\t<article class=\"w-grid-item size_1x1 post-10884 post type-post status-publish format-standard has-post-thumbnail hentry category-novinky-en\" data-id=\"10884\">\r\n\t\t<div class=\"w-grid-item-h\">\r\n\t\t\t\t\t\t<div class=\"w-post-elm post_image usg_post_image_1 stretched\"><a href=\"https:\/\/atalian.cz\/en\/welcome-to-atalian-cz\/\" aria-label=\"Welcome to ATALIAN CZ\"><img loading=\"lazy\" decoding=\"async\" width=\"500\" height=\"500\" src=\"https:\/\/atalian.cz\/wp-content\/uploads\/sites\/25\/2020\/08\/joao.jpg\" class=\"attachment-us_350_350_crop size-us_350_350_crop wp-post-image\" alt=\"\" srcset=\"https:\/\/atalian.cz\/wp-content\/uploads\/sites\/25\/2020\/08\/joao.jpg 500w, https:\/\/atalian.cz\/wp-content\/uploads\/sites\/25\/2020\/08\/joao-150x150.jpg 150w, https:\/\/atalian.cz\/wp-content\/uploads\/sites\/25\/2020\/08\/joao-300x300.jpg 300w\" sizes=\"auto, (max-width: 500px) 100vw, 500px\" \/><\/a><\/div><h2 class=\"w-post-elm post_title usg_post_title_1 entry-title color_link_inherit\"><a href=\"https:\/\/atalian.cz\/en\/welcome-to-atalian-cz\/\">Welcome to ATALIAN CZ<\/a><\/h2>\t\t<\/div>\r\n\t\t\t<\/article>\r\n<\/div><div class=\"w-grid-preloader\">\t<div class=\"g-preloader type_1\">\r\n\t\t<div><\/div>\r\n\t<\/div>\r\n\t<\/div>\t<div class=\"w-grid-json hidden\" onclick='return {&quot;action&quot;:&quot;us_ajax_grid&quot;,&quot;infinite_scroll&quot;:0,&quot;max_num_pages&quot;:1,&quot;pagination&quot;:&quot;ajax&quot;,&quot;template_vars&quot;:{&quot;columns&quot;:&quot;1&quot;,&quot;exclude_items&quot;:&quot;none&quot;,&quot;img_size&quot;:&quot;us_350_350_crop&quot;,&quot;ignore_items_size&quot;:0,&quot;items_layout&quot;:&quot;14885&quot;,&quot;items_offset&quot;:&quot;1&quot;,&quot;load_animation&quot;:&quot;none&quot;,&quot;overriding_link&quot;:&quot;{\\&quot;url\\&quot;:\\&quot;\\&quot;}&quot;,&quot;post_id&quot;:0,&quot;query_args&quot;:{&quot;post_type&quot;:[&quot;post&quot;],&quot;tax_query&quot;:[{&quot;taxonomy&quot;:&quot;category&quot;,&quot;field&quot;:&quot;slug&quot;,&quot;terms&quot;:[&quot;novinky&quot;]}],&quot;post_status&quot;:[&quot;publish&quot;],&quot;posts_per_page&quot;:&quot;5&quot;},&quot;orderby_query_args&quot;:{&quot;orderby&quot;:{&quot;date&quot;:&quot;DESC&quot;}},&quot;type&quot;:&quot;grid&quot;,&quot;us_grid_post_type&quot;:&quot;post&quot;,&quot;us_grid_ajax_index&quot;:1,&quot;us_grid_filter_query_string&quot;:null,&quot;us_grid_index&quot;:1,&quot;page_args&quot;:[],&quot;lang&quot;:&quot;en&quot;}}'><\/div>\r\n\t<\/div><\/div><\/div><\/div><\/div><\/section>\n","protected":false},"excerpt":{"rendered":"&nbsp; It's our pleasure to introduce you our new Regional Executive Director for Czech Republic and Slovakia. \u201cIt has been now almost 2 months since I joined Atalian on the 1st of July to lead the Czech and the Slovak operations. After more than 22 years in the building materials industry, I was curious and...","protected":false},"author":76,"featured_media":0,"parent":0,"menu_order":0,"comment_status":"closed","ping_status":"closed","template":"","meta":{"footnotes":""},"class_list":["post-10235","page","type-page","status-publish","hentry"],"yoast_head":"<!-- This site is optimized with the Yoast SEO plugin v25.2 - https:\/\/yoast.com\/wordpress\/plugins\/seo\/ -->\n<title>News | Atalian Czech Republic<\/title>\n<meta name=\"description\" content=\"Get more information on the page named: News. The Atalian company is a leading player in the Facility management.\" \/>\n<meta name=\"robots\" content=\"index, follow, max-snippet:-1, max-image-preview:large, max-video-preview:-1\" \/>\n<link rel=\"canonical\" href=\"https:\/\/atalian.cz\/en\/news\/\" \/>\n<meta property=\"og:locale\" content=\"en_US\" \/>\n<meta property=\"og:type\" content=\"article\" \/>\n<meta property=\"og:title\" content=\"News | Atalian Czech Republic\" \/>\n<meta property=\"og:description\" content=\"Get more information on the page named: News. The Atalian company is a leading player in the Facility management.\" \/>\n<meta property=\"og:url\" content=\"https:\/\/atalian.cz\/en\/news\/\" \/>\n<meta property=\"og:site_name\" content=\"Atalian Czech Republic\" \/>\n<meta property=\"article:publisher\" content=\"https:\/\/www.facebook.com\/AtalianCzech\/\" \/>\n<meta property=\"article:modified_time\" content=\"2025-06-03T02:49:51+00:00\" \/>\n<meta property=\"og:image\" content=\"https:\/\/atalian.cz\/wp-content\/uploads\/sites\/25\/2023\/02\/atalian-banner-social.jpg\" \/>\n\t<meta property=\"og:image:width\" content=\"1200\" \/>\n\t<meta property=\"og:image:height\" content=\"630\" \/>\n\t<meta property=\"og:image:type\" content=\"image\/jpeg\" \/>\n<meta name=\"twitter:card\" content=\"summary_large_image\" \/>\n<script type=\"application\/ld+json\" class=\"yoast-schema-graph\">{\"@context\":\"https:\/\/schema.org\",\"@graph\":[{\"@type\":\"WebPage\",\"@id\":\"https:\/\/atalian.cz\/en\/news\/\",\"url\":\"https:\/\/atalian.cz\/en\/news\/\",\"name\":\"News | Atalian Czech Republic\",\"isPartOf\":{\"@id\":\"https:\/\/atalian.cz\/#website\"},\"datePublished\":\"2020-03-12T16:07:25+00:00\",\"dateModified\":\"2025-06-03T02:49:51+00:00\",\"description\":\"Get more information on the page named: News. The Atalian company is a leading player in the Facility management.\",\"breadcrumb\":{\"@id\":\"https:\/\/atalian.cz\/en\/news\/#breadcrumb\"},\"inLanguage\":\"en-US\",\"potentialAction\":[{\"@type\":\"ReadAction\",\"target\":[\"https:\/\/atalian.cz\/en\/news\/\"]}]},{\"@type\":\"BreadcrumbList\",\"@id\":\"https:\/\/atalian.cz\/en\/news\/#breadcrumb\",\"itemListElement\":[{\"@type\":\"ListItem\",\"position\":1,\"name\":\"Accueil\",\"item\":\"https:\/\/atalian.cz\/en\/\"},{\"@type\":\"ListItem\",\"position\":2,\"name\":\"News\"}]},{\"@type\":\"WebSite\",\"@id\":\"https:\/\/atalian.cz\/#website\",\"url\":\"https:\/\/atalian.cz\/\",\"name\":\"Atalian Czech Republic\",\"description\":\"ATALIAN. For a better performance\",\"publisher\":{\"@id\":\"https:\/\/atalian.cz\/#organization\"},\"potentialAction\":[{\"@type\":\"SearchAction\",\"target\":{\"@type\":\"EntryPoint\",\"urlTemplate\":\"https:\/\/atalian.cz\/?s={search_term_string}\"},\"query-input\":{\"@type\":\"PropertyValueSpecification\",\"valueRequired\":true,\"valueName\":\"search_term_string\"}}],\"inLanguage\":\"en-US\"},{\"@type\":\"Organization\",\"@id\":\"https:\/\/atalian.cz\/#organization\",\"name\":\"Atalian \u010cesk\u00e1 republika\",\"url\":\"https:\/\/atalian.cz\/\",\"logo\":{\"@type\":\"ImageObject\",\"inLanguage\":\"en-US\",\"@id\":\"https:\/\/atalian.cz\/#\/schema\/logo\/image\/\",\"url\":\"https:\/\/atalian.cz\/wp-content\/uploads\/sites\/25\/2020\/08\/atalian-logo.png\",\"contentUrl\":\"https:\/\/atalian.cz\/wp-content\/uploads\/sites\/25\/2020\/08\/atalian-logo.png\",\"width\":150,\"height\":73,\"caption\":\"Atalian \u010cesk\u00e1 republika\"},\"image\":{\"@id\":\"https:\/\/atalian.cz\/#\/schema\/logo\/image\/\"},\"sameAs\":[\"https:\/\/www.facebook.com\/AtalianCzech\/\",\"https:\/\/www.instagram.com\/atalian_cz\/\",\"https:\/\/www.youtube.com\/c\/AtalianCz247\"]}]}<\/script>\n<!-- \/ Yoast SEO plugin. -->","yoast_head_json":{"title":"News | Atalian Czech Republic","description":"Get more information on the page named: News. The Atalian company is a leading player in the Facility management.","robots":{"index":"index","follow":"follow","max-snippet":"max-snippet:-1","max-image-preview":"max-image-preview:large","max-video-preview":"max-video-preview:-1"},"canonical":"https:\/\/atalian.cz\/en\/news\/","og_locale":"en_US","og_type":"article","og_title":"News | Atalian Czech Republic","og_description":"Get more information on the page named: News. The Atalian company is a leading player in the Facility management.","og_url":"https:\/\/atalian.cz\/en\/news\/","og_site_name":"Atalian Czech Republic","article_publisher":"https:\/\/www.facebook.com\/AtalianCzech\/","article_modified_time":"2025-06-03T02:49:51+00:00","og_image":[{"width":1200,"height":630,"url":"https:\/\/atalian.cz\/wp-content\/uploads\/sites\/25\/2023\/02\/atalian-banner-social.jpg","type":"image\/jpeg"}],"twitter_card":"summary_large_image","schema":{"@context":"https:\/\/schema.org","@graph":[{"@type":"WebPage","@id":"https:\/\/atalian.cz\/en\/news\/","url":"https:\/\/atalian.cz\/en\/news\/","name":"News | Atalian Czech Republic","isPartOf":{"@id":"https:\/\/atalian.cz\/#website"},"datePublished":"2020-03-12T16:07:25+00:00","dateModified":"2025-06-03T02:49:51+00:00","description":"Get more information on the page named: News. The Atalian company is a leading player in the Facility management.","breadcrumb":{"@id":"https:\/\/atalian.cz\/en\/news\/#breadcrumb"},"inLanguage":"en-US","potentialAction":[{"@type":"ReadAction","target":["https:\/\/atalian.cz\/en\/news\/"]}]},{"@type":"BreadcrumbList","@id":"https:\/\/atalian.cz\/en\/news\/#breadcrumb","itemListElement":[{"@type":"ListItem","position":1,"name":"Accueil","item":"https:\/\/atalian.cz\/en\/"},{"@type":"ListItem","position":2,"name":"News"}]},{"@type":"WebSite","@id":"https:\/\/atalian.cz\/#website","url":"https:\/\/atalian.cz\/","name":"Atalian Czech Republic","description":"ATALIAN. For a better performance","publisher":{"@id":"https:\/\/atalian.cz\/#organization"},"potentialAction":[{"@type":"SearchAction","target":{"@type":"EntryPoint","urlTemplate":"https:\/\/atalian.cz\/?s={search_term_string}"},"query-input":{"@type":"PropertyValueSpecification","valueRequired":true,"valueName":"search_term_string"}}],"inLanguage":"en-US"},{"@type":"Organization","@id":"https:\/\/atalian.cz\/#organization","name":"Atalian \u010cesk\u00e1 republika","url":"https:\/\/atalian.cz\/","logo":{"@type":"ImageObject","inLanguage":"en-US","@id":"https:\/\/atalian.cz\/#\/schema\/logo\/image\/","url":"https:\/\/atalian.cz\/wp-content\/uploads\/sites\/25\/2020\/08\/atalian-logo.png","contentUrl":"https:\/\/atalian.cz\/wp-content\/uploads\/sites\/25\/2020\/08\/atalian-logo.png","width":150,"height":73,"caption":"Atalian \u010cesk\u00e1 republika"},"image":{"@id":"https:\/\/atalian.cz\/#\/schema\/logo\/image\/"},"sameAs":["https:\/\/www.facebook.com\/AtalianCzech\/","https:\/\/www.instagram.com\/atalian_cz\/","https:\/\/www.youtube.com\/c\/AtalianCz247"]}]}},"_links":{"self":[{"href":"https:\/\/atalian.cz\/en\/wp-json\/wp\/v2\/pages\/10235","targetHints":{"allow":["GET"]}}],"collection":[{"href":"https:\/\/atalian.cz\/en\/wp-json\/wp\/v2\/pages"}],"about":[{"href":"https:\/\/atalian.cz\/en\/wp-json\/wp\/v2\/types\/page"}],"author":[{"embeddable":true,"href":"https:\/\/atalian.cz\/en\/wp-json\/wp\/v2\/users\/76"}],"replies":[{"embeddable":true,"href":"https:\/\/atalian.cz\/en\/wp-json\/wp\/v2\/comments?post=10235"}],"version-history":[{"count":6,"href":"https:\/\/atalian.cz\/en\/wp-json\/wp\/v2\/pages\/10235\/revisions"}],"predecessor-version":[{"id":15314,"href":"https:\/\/atalian.cz\/en\/wp-json\/wp\/v2\/pages\/10235\/revisions\/15314"}],"wp:attachment":[{"href":"https:\/\/atalian.cz\/en\/wp-json\/wp\/v2\/media?parent=10235"}],"curies":[{"name":"wp","href":"https:\/\/api.w.org\/{rel}","templated":true}]}}